{"id":33,"date":"2022-04-14T13:31:03","date_gmt":"2022-04-14T13:31:03","guid":{"rendered":"https:\/\/hacdaubai.com\/?page_id=33"},"modified":"2022-04-14T13:31:03","modified_gmt":"2022-04-14T13:31:03","slug":"project-details","status":"publish","type":"page","link":"https:\/\/hacdaubai.com\/index.php\/project-details\/","title":{"rendered":"Project Details"},"content":{"rendered":"\n<div class=\"wp-block-cover alignfull has-nv-site-bg-background-color has-background-dim\" style=\"min-height:320px\"><div class=\"wp-block-cover__inner-container\">\n<div class=\"wp-container-1 wp-block-group\"><div class=\"wp-block-group__inner-container\">\n<div class=\"wp-block-columns are-vertically-aligned-center\">\n<div class=\"wp-block-column is-vertically-aligned-center\" style=\"flex-basis:70%\">\n<h1 class=\"has-text-align-left has-neve-text-color-color has-text-color\">James Joyce<\/h1>\n\n\n\n<p class=\"has-neve-text-color-color has-text-color\" style=\"font-size:22px\">How we helped James Joyce get a brand-consistent website that converts visitors into clients.<\/p>\n<\/div>\n\n\n\n<div class=\"wp-block-column is-vertically-aligned-center\" style=\"flex-basis:30%\"><\/div>\n<\/div>\n<\/div><\/div>\n<\/div><\/div>\n\n\n\n<div class=\"wp-block-cover alignfull has-nv-light-bg-background-color has-background-dim\" style=\"min-height:600px\"><div class=\"wp-block-cover__inner-container\">\n<div class=\"wp-container-3 wp-block-group\"><div class=\"wp-block-group__inner-container\">\n<div style=\"height:80px\" aria-hidden=\"true\" class=\"wp-block-spacer\"><\/div>\n\n\n\n<div class=\"wp-block-columns\">\n<div class=\"wp-block-column\" style=\"flex-basis:66.79%\">\n<figure class=\"wp-block-image\"><img src=\"https:\/\/hacdaubai.com\/wp-content\/themes\/neve\/assets\/img\/starter-content\/card-05.jpg\" alt=\"\" \/><\/figure>\n\n\n\n<div style=\"height:40px\" aria-hidden=\"true\" class=\"wp-block-spacer\"><\/div>\n<\/div>\n\n\n\n<div class=\"wp-block-column\" style=\"flex-basis:34%\">\n<p class=\"has-neve-text-color-color has-text-color\">Closer to the metal we\u2019ve got to manage that low hanging fruit but quantity and drive awareness to increase engagement post launch.<\/p>\n\n\n\n<p class=\"has-neve-text-color-color has-text-color\">Groom the backlog show pony, pipeline put in in a deck for our standup today nor keep it lean.<\/p>\n\n\n\n<div class=\"wp-container-2 wp-block-buttons\">\n<div class=\"wp-block-button is-style-primary\"><a class=\"wp-block-button__link\">VISIT WEBSITE<\/a><\/div>\n<\/div>\n\n\n\n<hr class=\"wp-block-separator is-style-wide\"\/>\n\n\n\n<figure class=\"wp-block-image  is-style-rounded\"><img loading=\"lazy\" src=\"https:\/\/hacdaubai.com\/wp-content\/themes\/neve\/assets\/img\/starter-content\/team-03.jpg\" alt=\"\" width=\"80\" height=\"80\"\/><\/figure>\n\n\n\n<p class=\"has-neve-text-color-color has-text-color\">\u201cWhat is the point of being alive if you don\u2019t at least try to do something remarkable?\u201d<\/p>\n\n\n\n<p class=\"has-neve-text-color-color has-text-color\">JANET MORRIS<\/p>\n<\/div>\n<\/div>\n\n\n\n<div style=\"height:40px\" aria-hidden=\"true\" class=\"wp-block-spacer\"><\/div>\n<\/div><\/div>\n<\/div><\/div>\n\n\n\n<div class=\"wp-block-cover alignfull has-nv-site-bg-background-color has-background-dim\" style=\"min-height:600px\"><div class=\"wp-block-cover__inner-container\">\n<div class=\"wp-container-4 wp-block-group\"><div class=\"wp-block-group__inner-container\">\n<div style=\"height:80px\" aria-hidden=\"true\" class=\"wp-block-spacer\"><\/div>\n\n\n\n<h2 class=\"has-neve-text-color-color has-text-color\">Other projects<\/h2>\n\n\n\n<div style=\"height:20px\" aria-hidden=\"true\" class=\"wp-block-spacer\"><\/div>\n\n\n\n<div class=\"wp-block-columns are-vertically-aligned-center\">\n<div class=\"wp-block-column is-vertically-aligned-center\" style=\"flex-basis:50%\">\n<figure class=\"wp-block-image\"><img src=\"https:\/\/hacdaubai.com\/wp-content\/themes\/neve\/assets\/img\/starter-content\/card-02.jpg\" alt=\"\"\/><\/figure>\n\n\n\n<div style=\"height:40px\" aria-hidden=\"true\" class=\"wp-block-spacer\"><\/div>\n<\/div>\n\n\n\n<div class=\"wp-block-column is-vertically-aligned-center\" style=\"flex-basis:50%\">\n<figure class=\"wp-block-image size-large\"><img src=\"https:\/\/hacdaubai.com\/wp-content\/themes\/neve\/assets\/img\/starter-content\/card-01.jpg\" alt=\"\"\/><\/figure>\n\n\n\n<div style=\"height:40px\" aria-hidden=\"true\" class=\"wp-block-spacer\"><\/div>\n<\/div>\n<\/div>\n\n\n\n<div style=\"height:40px\" aria-hidden=\"true\" class=\"wp-block-spacer\"><\/div>\n<\/div><\/div>\n<\/div><\/div>\n\n\n\n<div class=\"wp-block-cover alignfull has-nv-dark-bg-background-color has-background-dim\" style=\"min-height:300px\"><div class=\"wp-block-cover__inner-container\">\n<div style=\"height:140px\" aria-hidden=\"true\" class=\"wp-block-spacer\"><\/div>\n\n\n\n<h2 class=\"has-text-align-center has-nv-text-dark-bg-color has-text-color\">Let\u2019s work together on your <br>next web project<\/h2>\n\n\n\n<p class=\"has-text-align-center has-medium-font-size\">Lorem ipsum dolor sit amet, consectetur adipiscing elit. Ut elit tellus, luctus <br>nec ullamcorper mattis, pulvinar dapibus leo.<\/p>\n\n\n\n<div class=\"wp-container-5 wp-block-buttons aligncenter\">\n<div class=\"wp-block-button is-style-primary\"><a class=\"wp-block-button__link\" href=\"#\">LEARN MORE<\/a><\/div>\n<\/div>\n\n\n\n<div style=\"height:140px\" aria-hidden=\"true\" class=\"wp-block-spacer\"><\/div>\n<\/div><\/div>\n","protected":false},"excerpt":{"rendered":"","protected":false},"author":1,"featured_media":0,"parent":0,"menu_order":0,"comment_status":"closed","ping_status":"closed","template":"","meta":{"neve_meta_sidebar":"","neve_meta_container":"","neve_meta_enable_content_width":"on","neve_meta_content_width":100,"neve_meta_title_alignment":"","neve_meta_author_avatar":"","neve_post_elements_order":"","neve_meta_disable_header":"","neve_meta_disable_footer":"","neve_meta_disable_title":"on","spay_email":""},"yoast_head":"<!-- This site is optimized with the Yoast SEO plugin v18.6 - https:\/\/yoast.com\/wordpress\/plugins\/seo\/ -->\n<title>Project Details - c\u00f4ng ty nguy\u1ec5n thanh h\u1ea3i<\/title>\n<meta name=\"robots\" content=\"index, follow, max-snippet:-1, max-image-preview:large, max-video-preview:-1\" \/>\n<link rel=\"canonical\" href=\"https:\/\/hacdaubai.com\/index.php\/project-details\/\" \/>\n<meta property=\"og:locale\" content=\"en_US\" \/>\n<meta property=\"og:type\" content=\"article\" \/>\n<meta property=\"og:title\" content=\"Project Details - c\u00f4ng ty nguy\u1ec5n thanh h\u1ea3i\" \/>\n<meta property=\"og:url\" content=\"https:\/\/hacdaubai.com\/index.php\/project-details\/\" \/>\n<meta property=\"og:site_name\" content=\"c\u00f4ng ty nguy\u1ec5n thanh h\u1ea3i\" \/>\n<meta property=\"og:image\" content=\"https:\/\/hacdaubai.com\/wp-content\/themes\/neve\/assets\/img\/starter-content\/card-05.jpg\" \/>\n<meta name=\"twitter:card\" content=\"summary_large_image\" \/>\n<meta name=\"twitter:label1\" content=\"Est. reading time\" \/>\n\t<meta name=\"twitter:data1\" content=\"1 minute\" \/>\n<script type=\"application\/ld+json\" class=\"yoast-schema-graph\">{\"@context\":\"https:\/\/schema.org\",\"@graph\":[{\"@type\":\"Organization\",\"@id\":\"https:\/\/hacdaubai.com\/#organization\",\"name\":\"C\u00f4ng ty TNHH TM MTV Nguy\u1ec5n Thanh H\u1ea3i\",\"url\":\"https:\/\/hacdaubai.com\/\",\"sameAs\":[\"https:\/\/www.youtube.com\/channel\/UCIvIoGmAr7rtXQ-KK-1FrMA\"],\"logo\":{\"@type\":\"ImageObject\",\"@id\":\"https:\/\/hacdaubai.com\/#logo\",\"inLanguage\":\"en-US\",\"url\":\"https:\/\/hacdaubai.com\/wp-content\/uploads\/2022\/04\/logo..png\",\"contentUrl\":\"https:\/\/hacdaubai.com\/wp-content\/uploads\/2022\/04\/logo..png\",\"width\":2227,\"height\":552,\"caption\":\"C\u00f4ng ty TNHH TM MTV Nguy\u1ec5n Thanh H\u1ea3i\"},\"image\":{\"@id\":\"https:\/\/hacdaubai.com\/#logo\"}},{\"@type\":\"WebSite\",\"@id\":\"https:\/\/hacdaubai.com\/#website\",\"url\":\"https:\/\/hacdaubai.com\/\",\"name\":\"c\u00f4ng ty nguy\u1ec5n thanh h\u1ea3i\",\"description\":\"\u0110\u00f3 l\u00e0 t\u1ef1 nhi\u00ean. \u0110\u00f3 l\u00e0 b\u1ec1n v\u1eefng.\",\"publisher\":{\"@id\":\"https:\/\/hacdaubai.com\/#organization\"},\"potentialAction\":[{\"@type\":\"SearchAction\",\"target\":{\"@type\":\"EntryPoint\",\"urlTemplate\":\"https:\/\/hacdaubai.com\/?s={search_term_string}\"},\"query-input\":\"required name=search_term_string\"}],\"inLanguage\":\"en-US\"},{\"@type\":\"ImageObject\",\"@id\":\"https:\/\/hacdaubai.com\/index.php\/project-details\/#primaryimage\",\"inLanguage\":\"en-US\",\"url\":\"https:\/\/hacdaubai.com\/wp-content\/themes\/neve\/assets\/img\/starter-content\/card-05.jpg\",\"contentUrl\":\"https:\/\/hacdaubai.com\/wp-content\/themes\/neve\/assets\/img\/starter-content\/card-05.jpg\"},{\"@type\":\"WebPage\",\"@id\":\"https:\/\/hacdaubai.com\/index.php\/project-details\/#webpage\",\"url\":\"https:\/\/hacdaubai.com\/index.php\/project-details\/\",\"name\":\"Project Details - c\u00f4ng ty nguy\u1ec5n thanh h\u1ea3i\",\"isPartOf\":{\"@id\":\"https:\/\/hacdaubai.com\/#website\"},\"primaryImageOfPage\":{\"@id\":\"https:\/\/hacdaubai.com\/index.php\/project-details\/#primaryimage\"},\"datePublished\":\"2022-04-14T13:31:03+00:00\",\"dateModified\":\"2022-04-14T13:31:03+00:00\",\"breadcrumb\":{\"@id\":\"https:\/\/hacdaubai.com\/index.php\/project-details\/#breadcrumb\"},\"inLanguage\":\"en-US\",\"potentialAction\":[{\"@type\":\"ReadAction\",\"target\":[\"https:\/\/hacdaubai.com\/index.php\/project-details\/\"]}]},{\"@type\":\"BreadcrumbList\",\"@id\":\"https:\/\/hacdaubai.com\/index.php\/project-details\/#breadcrumb\",\"itemListElement\":[{\"@type\":\"ListItem\",\"position\":1,\"name\":\"Home\",\"item\":\"https:\/\/hacdaubai.com\/\"},{\"@type\":\"ListItem\",\"position\":2,\"name\":\"Project Details\"}]}]}<\/script>\n<!-- \/ Yoast SEO plugin. -->","yoast_head_json":{"title":"Project Details - c\u00f4ng ty nguy\u1ec5n thanh h\u1ea3i","robots":{"index":"index","follow":"follow","max-snippet":"max-snippet:-1","max-image-preview":"max-image-preview:large","max-video-preview":"max-video-preview:-1"},"canonical":"https:\/\/hacdaubai.com\/index.php\/project-details\/","og_locale":"en_US","og_type":"article","og_title":"Project Details - c\u00f4ng ty nguy\u1ec5n thanh h\u1ea3i","og_url":"https:\/\/hacdaubai.com\/index.php\/project-details\/","og_site_name":"c\u00f4ng ty nguy\u1ec5n thanh h\u1ea3i","og_image":[{"url":"https:\/\/hacdaubai.com\/wp-content\/themes\/neve\/assets\/img\/starter-content\/card-05.jpg"}],"twitter_card":"summary_large_image","twitter_misc":{"Est. reading time":"1 minute"},"schema":{"@context":"https:\/\/schema.org","@graph":[{"@type":"Organization","@id":"https:\/\/hacdaubai.com\/#organization","name":"C\u00f4ng ty TNHH TM MTV Nguy\u1ec5n Thanh H\u1ea3i","url":"https:\/\/hacdaubai.com\/","sameAs":["https:\/\/www.youtube.com\/channel\/UCIvIoGmAr7rtXQ-KK-1FrMA"],"logo":{"@type":"ImageObject","@id":"https:\/\/hacdaubai.com\/#logo","inLanguage":"en-US","url":"https:\/\/hacdaubai.com\/wp-content\/uploads\/2022\/04\/logo..png","contentUrl":"https:\/\/hacdaubai.com\/wp-content\/uploads\/2022\/04\/logo..png","width":2227,"height":552,"caption":"C\u00f4ng ty TNHH TM MTV Nguy\u1ec5n Thanh H\u1ea3i"},"image":{"@id":"https:\/\/hacdaubai.com\/#logo"}},{"@type":"WebSite","@id":"https:\/\/hacdaubai.com\/#website","url":"https:\/\/hacdaubai.com\/","name":"c\u00f4ng ty nguy\u1ec5n thanh h\u1ea3i","description":"\u0110\u00f3 l\u00e0 t\u1ef1 nhi\u00ean. \u0110\u00f3 l\u00e0 b\u1ec1n v\u1eefng.","publisher":{"@id":"https:\/\/hacdaubai.com\/#organization"},"potentialAction":[{"@type":"SearchAction","target":{"@type":"EntryPoint","urlTemplate":"https:\/\/hacdaubai.com\/?s={search_term_string}"},"query-input":"required name=search_term_string"}],"inLanguage":"en-US"},{"@type":"ImageObject","@id":"https:\/\/hacdaubai.com\/index.php\/project-details\/#primaryimage","inLanguage":"en-US","url":"https:\/\/hacdaubai.com\/wp-content\/themes\/neve\/assets\/img\/starter-content\/card-05.jpg","contentUrl":"https:\/\/hacdaubai.com\/wp-content\/themes\/neve\/assets\/img\/starter-content\/card-05.jpg"},{"@type":"WebPage","@id":"https:\/\/hacdaubai.com\/index.php\/project-details\/#webpage","url":"https:\/\/hacdaubai.com\/index.php\/project-details\/","name":"Project Details - c\u00f4ng ty nguy\u1ec5n thanh h\u1ea3i","isPartOf":{"@id":"https:\/\/hacdaubai.com\/#website"},"primaryImageOfPage":{"@id":"https:\/\/hacdaubai.com\/index.php\/project-details\/#primaryimage"},"datePublished":"2022-04-14T13:31:03+00:00","dateModified":"2022-04-14T13:31:03+00:00","breadcrumb":{"@id":"https:\/\/hacdaubai.com\/index.php\/project-details\/#breadcrumb"},"inLanguage":"en-US","potentialAction":[{"@type":"ReadAction","target":["https:\/\/hacdaubai.com\/index.php\/project-details\/"]}]},{"@type":"BreadcrumbList","@id":"https:\/\/hacdaubai.com\/index.php\/project-details\/#breadcrumb","itemListElement":[{"@type":"ListItem","position":1,"name":"Home","item":"https:\/\/hacdaubai.com\/"},{"@type":"ListItem","position":2,"name":"Project Details"}]}]}},"jetpack-related-posts":[{"id":32,"url":"https:\/\/hacdaubai.com\/index.php\/portofolio\/","url_meta":{"origin":33,"position":0},"title":"Portofolio","date":"April 14, 2022","format":false,"excerpt":"Portfolio Buzz Website Lorem ipsum dolor sit amet, consectetur adipiscing elit. Ut elit tellus, luctus nec ullamcorper mattis. PROJECT DETAILS Branding for Chatoue Lorem ipsum dolor sit amet, consectetur adipiscing elit. Ut elit tellus, luctus nec ullamcorper mattis. PROJECT DETAILS IMB Internal Website Lorem ipsum dolor sit amet, consectetur adipiscing\u2026","rel":"","context":"Similar post","img":{"alt_text":"","src":"","width":0,"height":0},"classes":[]},{"id":2,"url":"https:\/\/hacdaubai.com\/index.php\/sample-page\/","url_meta":{"origin":33,"position":1},"title":"Sample Page","date":"April 14, 2022","format":false,"excerpt":"This is an example page. It's different from a blog post because it will stay in one place and will show up in your site navigation (in most themes). Most people start with an About page that introduces them to potential site visitors. It might say something like this: Hi\u2026","rel":"","context":"Similar post","img":{"alt_text":"","src":"","width":0,"height":0},"classes":[]},{"id":30,"url":"https:\/\/hacdaubai.com\/index.php\/about\/","url_meta":{"origin":33,"position":2},"title":"About","date":"April 14, 2022","format":false,"excerpt":"About Us Our Story Are there any leftovers in the kitchen? what are the expectations but technologically savvy. Quick sync new economy onward and upward, productize the deliverables and focus on the bottom line high touch client we need to have a Come to Jesus meeting with Phil about his\u2026","rel":"","context":"Similar post","img":{"alt_text":"","src":"","width":0,"height":0},"classes":[]}],"_links":{"self":[{"href":"https:\/\/hacdaubai.com\/index.php\/wp-json\/wp\/v2\/pages\/33"}],"collection":[{"href":"https:\/\/hacdaubai.com\/index.php\/wp-json\/wp\/v2\/pages"}],"about":[{"href":"https:\/\/hacdaubai.com\/index.php\/wp-json\/wp\/v2\/types\/page"}],"author":[{"embeddable":true,"href":"https:\/\/hacdaubai.com\/index.php\/wp-json\/wp\/v2\/users\/1"}],"replies":[{"embeddable":true,"href":"https:\/\/hacdaubai.com\/index.php\/wp-json\/wp\/v2\/comments?post=33"}],"version-history":[{"count":1,"href":"https:\/\/hacdaubai.com\/index.php\/wp-json\/wp\/v2\/pages\/33\/revisions"}],"predecessor-version":[{"id":40,"href":"https:\/\/hacdaubai.com\/index.php\/wp-json\/wp\/v2\/pages\/33\/revisions\/40"}],"wp:attachment":[{"href":"https:\/\/hacdaubai.com\/index.php\/wp-json\/wp\/v2\/media?parent=33"}],"curies":[{"name":"wp","href":"https:\/\/api.w.org\/{rel}","templated":true}]}}