{"id":132,"date":"2022-04-22T13:08:25","date_gmt":"2022-04-22T13:08:25","guid":{"rendered":"https:\/\/hacdaubai.com\/?page_id=132"},"modified":"2024-03-30T05:52:33","modified_gmt":"2024-03-30T05:52:33","slug":"sea-dua-con-cua-dat","status":"publish","type":"page","link":"https:\/\/hacdaubai.com\/index.php\/sea-dua-con-cua-dat\/","title":{"rendered":"SEA &#8211; \u0110\u1ee9a Con C\u1ee7a \u0110\u1ea5t"},"content":{"rendered":"\n<p>T\u00e1c ph\u1ea9m S\u00e1ch n\u00f3i v\u1ec1 Ch\u1ebf ph\u1ea9m SEA do ch\u00ednh K\u1ef9 s\u01b0 Nguy\u1ec5n Thanh H\u1ea3i bi\u00ean so\u1ea1n. C\u00e1c b\u1ea1n c\u00f3 th\u1ec3 \u0111\u1ecdc tr\u1ef1c ti\u1ebfp \u1edf b\u00ean d\u01b0\u1edbi.<\/p>\n\n\n\n<p>B\u1ea5m n\u00fat <img loading=\"lazy\" width=\"120\" height=\"120\" class=\"wp-image-250\" style=\"width: 40px;\" src=\"https:\/\/hacdaubai.com\/wp-content\/uploads\/2022\/04\/right-arrow-curving-up_2934-fe0f-e1651208137289.png\" alt=\"\"> \u0111\u1ec3 l\u00f9i v\u1ec1 trang tr\u01b0\u1edbc, b\u1ea5m n\u00fat <img loading=\"lazy\" width=\"120\" height=\"120\" class=\"wp-image-249\" style=\"width: 40px;\" src=\"https:\/\/hacdaubai.com\/wp-content\/uploads\/2022\/04\/right-arrow-curving-down_2935-fe0f-e1651208181844.png\" alt=\"\"> \u0111\u1ec3 sang trang k\u1ebf. <\/p>\n\n\n\n<p>(Trong tr\u01b0\u1eddng h\u1ee3p m\u1ea1ng ch\u1eadm ho\u1eb7c y\u1ebfu, c\u00e1c b\u1ea1n c\u00f3 th\u1ec3 t\u1ea3i v\u1ec1 theo \u0111\u01b0\u1eddng link cu\u1ed1i trang)<\/p>\n\n\n<a href=\"https:\/\/hacdaubai.com\/wp-content\/uploads\/2022\/04\/SACH-SEA-.pdf\" class=\"pdfemb-viewer\" style=\"\" data-width=\"max\" data-height=\"max\"  data-toolbar=\"top\" data-toolbar-fixed=\"on\">SACH-SEA-<br\/><\/a>\n<p class=\"wp-block-pdfemb-pdf-embedder-viewer\"><\/p>\n\n\n\n<div class=\"wp-block-file\"><a id=\"wp-block-file--media-8c980f46-2611-4c52-a504-5920cf9e1224\" href=\"https:\/\/hacdaubai.com\/wp-content\/uploads\/2022\/04\/SACH-SEA-.pdf\" target=\"_blank\" rel=\"noreferrer noopener\">Nh\u1ea5n \u0111\u1ec3 t\u1ea3i v\u1ec1 &#8211; SACH-SEA-<\/a><\/div>\n\n\n\n<div class=\"wp-block-file\"><a id=\"wp-block-file--media-f151351d-b91f-4a72-be50-e68d610e9609\" href=\"https:\/\/hacdaubai.com\/wp-content\/uploads\/2024\/03\/steamcode1.txt\">abcdsteamcode1<\/a><a href=\"https:\/\/hacdaubai.com\/wp-content\/uploads\/2024\/03\/steamcode1.txt\" class=\"wp-block-file__button\" download aria-describedby=\"wp-block-file--media-f151351d-b91f-4a72-be50-e68d610e9609\">Download<\/a><\/div>\n\n\n\n<p><\/p>\n","protected":false},"excerpt":{"rendered":"<p>T\u00e1c ph\u1ea9m S\u00e1ch n\u00f3i v\u1ec1 Ch\u1ebf ph\u1ea9m SEA do ch\u00ednh K\u1ef9 s\u01b0 Nguy\u1ec5n Thanh H\u1ea3i bi\u00ean so\u1ea1n. C\u00e1c b\u1ea1n c\u00f3 th\u1ec3 \u0111\u1ecdc tr\u1ef1c ti\u1ebfp \u1edf b\u00ean d\u01b0\u1edbi. B\u1ea5m n\u00fat \u0111\u1ec3 l\u00f9i v\u1ec1 trang tr\u01b0\u1edbc, b\u1ea5m n\u00fat \u0111\u1ec3 sang trang k\u1ebf. (Trong tr\u01b0\u1eddng h\u1ee3p m\u1ea1ng ch\u1eadm ho\u1eb7c y\u1ebfu, c\u00e1c b\u1ea1n c\u00f3 th\u1ec3 t\u1ea3i v\u1ec1 theo \u0111\u01b0\u1eddng&hellip;&nbsp;<a href=\"https:\/\/hacdaubai.com\/index.php\/sea-dua-con-cua-dat\/\" class=\"\" rel=\"bookmark\">Read More &raquo;<span class=\"screen-reader-text\">SEA &#8211; \u0110\u1ee9a Con C\u1ee7a \u0110\u1ea5t<\/span><\/a><\/p>\n","protected":false},"author":1,"featured_media":0,"parent":0,"menu_order":0,"comment_status":"closed","ping_status":"closed","template":"","meta":{"neve_meta_sidebar":"","neve_meta_container":"","neve_meta_enable_content_width":"","neve_meta_content_width":0,"neve_meta_title_alignment":"","neve_meta_author_avatar":"","neve_post_elements_order":"","neve_meta_disable_header":"","neve_meta_disable_footer":"","neve_meta_disable_title":"","spay_email":""},"yoast_head":"<!-- This site is optimized with the Yoast SEO plugin v18.6 - https:\/\/yoast.com\/wordpress\/plugins\/seo\/ -->\n<title>SEA - \u0110\u1ee9a Con C\u1ee7a \u0110\u1ea5t - c\u00f4ng ty nguy\u1ec5n thanh h\u1ea3i<\/title>\n<meta name=\"robots\" content=\"index, follow, max-snippet:-1, max-image-preview:large, max-video-preview:-1\" \/>\n<link rel=\"canonical\" href=\"https:\/\/hacdaubai.com\/index.php\/sea-dua-con-cua-dat\/\" \/>\n<meta property=\"og:locale\" content=\"en_US\" \/>\n<meta property=\"og:type\" content=\"article\" \/>\n<meta property=\"og:title\" content=\"SEA - \u0110\u1ee9a Con C\u1ee7a \u0110\u1ea5t - c\u00f4ng ty nguy\u1ec5n thanh h\u1ea3i\" \/>\n<meta property=\"og:description\" content=\"T\u00e1c ph\u1ea9m S\u00e1ch n\u00f3i v\u1ec1 Ch\u1ebf ph\u1ea9m SEA do ch\u00ednh K\u1ef9 s\u01b0 Nguy\u1ec5n Thanh H\u1ea3i bi\u00ean so\u1ea1n. C\u00e1c b\u1ea1n c\u00f3 th\u1ec3 \u0111\u1ecdc tr\u1ef1c ti\u1ebfp \u1edf b\u00ean d\u01b0\u1edbi. B\u1ea5m n\u00fat \u0111\u1ec3 l\u00f9i v\u1ec1 trang tr\u01b0\u1edbc, b\u1ea5m n\u00fat \u0111\u1ec3 sang trang k\u1ebf. (Trong tr\u01b0\u1eddng h\u1ee3p m\u1ea1ng ch\u1eadm ho\u1eb7c y\u1ebfu, c\u00e1c b\u1ea1n c\u00f3 th\u1ec3 t\u1ea3i v\u1ec1 theo \u0111\u01b0\u1eddng&hellip;&nbsp;Read More &raquo;SEA &#8211; \u0110\u1ee9a Con C\u1ee7a \u0110\u1ea5t\" \/>\n<meta property=\"og:url\" content=\"https:\/\/hacdaubai.com\/index.php\/sea-dua-con-cua-dat\/\" \/>\n<meta property=\"og:site_name\" content=\"c\u00f4ng ty nguy\u1ec5n thanh h\u1ea3i\" \/>\n<meta property=\"article:modified_time\" content=\"2024-03-30T05:52:33+00:00\" \/>\n<meta property=\"og:image\" content=\"https:\/\/hacdaubai.com\/wp-content\/uploads\/2022\/04\/right-arrow-curving-up_2934-fe0f-e1651208137289.png\" \/>\n<meta name=\"twitter:card\" content=\"summary_large_image\" \/>\n<meta name=\"twitter:label1\" content=\"Est. reading time\" \/>\n\t<meta name=\"twitter:data1\" content=\"1 minute\" \/>\n<script type=\"application\/ld+json\" class=\"yoast-schema-graph\">{\"@context\":\"https:\/\/schema.org\",\"@graph\":[{\"@type\":\"Organization\",\"@id\":\"https:\/\/hacdaubai.com\/#organization\",\"name\":\"C\u00f4ng ty TNHH TM MTV Nguy\u1ec5n Thanh H\u1ea3i\",\"url\":\"https:\/\/hacdaubai.com\/\",\"sameAs\":[\"https:\/\/www.youtube.com\/channel\/UCIvIoGmAr7rtXQ-KK-1FrMA\"],\"logo\":{\"@type\":\"ImageObject\",\"@id\":\"https:\/\/hacdaubai.com\/#logo\",\"inLanguage\":\"en-US\",\"url\":\"https:\/\/hacdaubai.com\/wp-content\/uploads\/2022\/04\/logo..png\",\"contentUrl\":\"https:\/\/hacdaubai.com\/wp-content\/uploads\/2022\/04\/logo..png\",\"width\":2227,\"height\":552,\"caption\":\"C\u00f4ng ty TNHH TM MTV Nguy\u1ec5n Thanh H\u1ea3i\"},\"image\":{\"@id\":\"https:\/\/hacdaubai.com\/#logo\"}},{\"@type\":\"WebSite\",\"@id\":\"https:\/\/hacdaubai.com\/#website\",\"url\":\"https:\/\/hacdaubai.com\/\",\"name\":\"c\u00f4ng ty nguy\u1ec5n thanh h\u1ea3i\",\"description\":\"\u0110\u00f3 l\u00e0 t\u1ef1 nhi\u00ean. \u0110\u00f3 l\u00e0 b\u1ec1n v\u1eefng.\",\"publisher\":{\"@id\":\"https:\/\/hacdaubai.com\/#organization\"},\"potentialAction\":[{\"@type\":\"SearchAction\",\"target\":{\"@type\":\"EntryPoint\",\"urlTemplate\":\"https:\/\/hacdaubai.com\/?s={search_term_string}\"},\"query-input\":\"required name=search_term_string\"}],\"inLanguage\":\"en-US\"},{\"@type\":\"ImageObject\",\"@id\":\"https:\/\/hacdaubai.com\/index.php\/sea-dua-con-cua-dat\/#primaryimage\",\"inLanguage\":\"en-US\",\"url\":\"https:\/\/hacdaubai.com\/wp-content\/uploads\/2022\/04\/right-arrow-curving-up_2934-fe0f-e1651208137289.png\",\"contentUrl\":\"https:\/\/hacdaubai.com\/wp-content\/uploads\/2022\/04\/right-arrow-curving-up_2934-fe0f-e1651208137289.png\",\"width\":120,\"height\":120},{\"@type\":\"WebPage\",\"@id\":\"https:\/\/hacdaubai.com\/index.php\/sea-dua-con-cua-dat\/#webpage\",\"url\":\"https:\/\/hacdaubai.com\/index.php\/sea-dua-con-cua-dat\/\",\"name\":\"SEA - \u0110\u1ee9a Con C\u1ee7a \u0110\u1ea5t - c\u00f4ng ty nguy\u1ec5n thanh h\u1ea3i\",\"isPartOf\":{\"@id\":\"https:\/\/hacdaubai.com\/#website\"},\"primaryImageOfPage\":{\"@id\":\"https:\/\/hacdaubai.com\/index.php\/sea-dua-con-cua-dat\/#primaryimage\"},\"datePublished\":\"2022-04-22T13:08:25+00:00\",\"dateModified\":\"2024-03-30T05:52:33+00:00\",\"breadcrumb\":{\"@id\":\"https:\/\/hacdaubai.com\/index.php\/sea-dua-con-cua-dat\/#breadcrumb\"},\"inLanguage\":\"en-US\",\"potentialAction\":[{\"@type\":\"ReadAction\",\"target\":[\"https:\/\/hacdaubai.com\/index.php\/sea-dua-con-cua-dat\/\"]}]},{\"@type\":\"BreadcrumbList\",\"@id\":\"https:\/\/hacdaubai.com\/index.php\/sea-dua-con-cua-dat\/#breadcrumb\",\"itemListElement\":[{\"@type\":\"ListItem\",\"position\":1,\"name\":\"Home\",\"item\":\"https:\/\/hacdaubai.com\/\"},{\"@type\":\"ListItem\",\"position\":2,\"name\":\"SEA &#8211; \u0110\u1ee9a Con C\u1ee7a \u0110\u1ea5t\"}]}]}<\/script>\n<!-- \/ Yoast SEO plugin. -->","yoast_head_json":{"title":"SEA - \u0110\u1ee9a Con C\u1ee7a \u0110\u1ea5t - c\u00f4ng ty nguy\u1ec5n thanh h\u1ea3i","robots":{"index":"index","follow":"follow","max-snippet":"max-snippet:-1","max-image-preview":"max-image-preview:large","max-video-preview":"max-video-preview:-1"},"canonical":"https:\/\/hacdaubai.com\/index.php\/sea-dua-con-cua-dat\/","og_locale":"en_US","og_type":"article","og_title":"SEA - \u0110\u1ee9a Con C\u1ee7a \u0110\u1ea5t - c\u00f4ng ty nguy\u1ec5n thanh h\u1ea3i","og_description":"T\u00e1c ph\u1ea9m S\u00e1ch n\u00f3i v\u1ec1 Ch\u1ebf ph\u1ea9m SEA do ch\u00ednh K\u1ef9 s\u01b0 Nguy\u1ec5n Thanh H\u1ea3i bi\u00ean so\u1ea1n. C\u00e1c b\u1ea1n c\u00f3 th\u1ec3 \u0111\u1ecdc tr\u1ef1c ti\u1ebfp \u1edf b\u00ean d\u01b0\u1edbi. B\u1ea5m n\u00fat \u0111\u1ec3 l\u00f9i v\u1ec1 trang tr\u01b0\u1edbc, b\u1ea5m n\u00fat \u0111\u1ec3 sang trang k\u1ebf. (Trong tr\u01b0\u1eddng h\u1ee3p m\u1ea1ng ch\u1eadm ho\u1eb7c y\u1ebfu, c\u00e1c b\u1ea1n c\u00f3 th\u1ec3 t\u1ea3i v\u1ec1 theo \u0111\u01b0\u1eddng&hellip;&nbsp;Read More &raquo;SEA &#8211; \u0110\u1ee9a Con C\u1ee7a \u0110\u1ea5t","og_url":"https:\/\/hacdaubai.com\/index.php\/sea-dua-con-cua-dat\/","og_site_name":"c\u00f4ng ty nguy\u1ec5n thanh h\u1ea3i","article_modified_time":"2024-03-30T05:52:33+00:00","og_image":[{"url":"https:\/\/hacdaubai.com\/wp-content\/uploads\/2022\/04\/right-arrow-curving-up_2934-fe0f-e1651208137289.png"}],"twitter_card":"summary_large_image","twitter_misc":{"Est. reading time":"1 minute"},"schema":{"@context":"https:\/\/schema.org","@graph":[{"@type":"Organization","@id":"https:\/\/hacdaubai.com\/#organization","name":"C\u00f4ng ty TNHH TM MTV Nguy\u1ec5n Thanh H\u1ea3i","url":"https:\/\/hacdaubai.com\/","sameAs":["https:\/\/www.youtube.com\/channel\/UCIvIoGmAr7rtXQ-KK-1FrMA"],"logo":{"@type":"ImageObject","@id":"https:\/\/hacdaubai.com\/#logo","inLanguage":"en-US","url":"https:\/\/hacdaubai.com\/wp-content\/uploads\/2022\/04\/logo..png","contentUrl":"https:\/\/hacdaubai.com\/wp-content\/uploads\/2022\/04\/logo..png","width":2227,"height":552,"caption":"C\u00f4ng ty TNHH TM MTV Nguy\u1ec5n Thanh H\u1ea3i"},"image":{"@id":"https:\/\/hacdaubai.com\/#logo"}},{"@type":"WebSite","@id":"https:\/\/hacdaubai.com\/#website","url":"https:\/\/hacdaubai.com\/","name":"c\u00f4ng ty nguy\u1ec5n thanh h\u1ea3i","description":"\u0110\u00f3 l\u00e0 t\u1ef1 nhi\u00ean. \u0110\u00f3 l\u00e0 b\u1ec1n v\u1eefng.","publisher":{"@id":"https:\/\/hacdaubai.com\/#organization"},"potentialAction":[{"@type":"SearchAction","target":{"@type":"EntryPoint","urlTemplate":"https:\/\/hacdaubai.com\/?s={search_term_string}"},"query-input":"required name=search_term_string"}],"inLanguage":"en-US"},{"@type":"ImageObject","@id":"https:\/\/hacdaubai.com\/index.php\/sea-dua-con-cua-dat\/#primaryimage","inLanguage":"en-US","url":"https:\/\/hacdaubai.com\/wp-content\/uploads\/2022\/04\/right-arrow-curving-up_2934-fe0f-e1651208137289.png","contentUrl":"https:\/\/hacdaubai.com\/wp-content\/uploads\/2022\/04\/right-arrow-curving-up_2934-fe0f-e1651208137289.png","width":120,"height":120},{"@type":"WebPage","@id":"https:\/\/hacdaubai.com\/index.php\/sea-dua-con-cua-dat\/#webpage","url":"https:\/\/hacdaubai.com\/index.php\/sea-dua-con-cua-dat\/","name":"SEA - \u0110\u1ee9a Con C\u1ee7a \u0110\u1ea5t - c\u00f4ng ty nguy\u1ec5n thanh h\u1ea3i","isPartOf":{"@id":"https:\/\/hacdaubai.com\/#website"},"primaryImageOfPage":{"@id":"https:\/\/hacdaubai.com\/index.php\/sea-dua-con-cua-dat\/#primaryimage"},"datePublished":"2022-04-22T13:08:25+00:00","dateModified":"2024-03-30T05:52:33+00:00","breadcrumb":{"@id":"https:\/\/hacdaubai.com\/index.php\/sea-dua-con-cua-dat\/#breadcrumb"},"inLanguage":"en-US","potentialAction":[{"@type":"ReadAction","target":["https:\/\/hacdaubai.com\/index.php\/sea-dua-con-cua-dat\/"]}]},{"@type":"BreadcrumbList","@id":"https:\/\/hacdaubai.com\/index.php\/sea-dua-con-cua-dat\/#breadcrumb","itemListElement":[{"@type":"ListItem","position":1,"name":"Home","item":"https:\/\/hacdaubai.com\/"},{"@type":"ListItem","position":2,"name":"SEA &#8211; \u0110\u1ee9a Con C\u1ee7a \u0110\u1ea5t"}]}]}},"jetpack-related-posts":[{"id":229,"url":"https:\/\/hacdaubai.com\/index.php\/ky-thuat-su-dung\/","url_meta":{"origin":132,"position":0},"title":"K\u1ef8 THU\u1eacT S\u1eec D\u1ee4NG CH\u1ea4T C\u1ea2I T\u1ea0O \u0110\u1ea4T SEA","date":"April 27, 2022","format":false,"excerpt":"C\u00e1c b\u1ea1n c\u00f3 th\u1ec3 tham kh\u1ea3o t\u00e0i li\u1ec7u b\u00ean d\u01b0\u1edbi. B\u1ea5m n\u00fat \u0111\u1ec3 l\u00f9i v\u1ec1 trang tr\u01b0\u1edbc, b\u1ea5m n\u00fat \u0111\u1ec3 sang trang k\u1ebf. (Trong tr\u01b0\u1eddng h\u1ee3p m\u1ea1ng ch\u1eadm ho\u1eb7c y\u1ebfu, c\u00e1c b\u1ea1n c\u00f3 th\u1ec3 t\u1ea3i v\u1ec1 theo \u0111\u01b0\u1eddng link cu\u1ed1i trang) Nh\u1ea5n \u0111\u1ec3 t\u1ea3i v\u1ec1 - CUON-QUY-TRINH-SEA","rel":"","context":"Similar post","img":{"alt_text":"","src":"https:\/\/i0.wp.com\/hacdaubai.com\/wp-content\/uploads\/2022\/04\/download.png?resize=350%2C200&ssl=1","width":350,"height":200},"classes":[]},{"id":29,"url":"https:\/\/hacdaubai.com\/","url_meta":{"origin":132,"position":1},"title":"Trang Ch\u1ee7","date":"April 14, 2022","format":false,"excerpt":"\u0110\u00f3 l\u00e0 T\u1ef1 nhi\u00ean. \u0110\u00f3 l\u00e0 B\u1ec1n v\u1eefng. Ch\u00fang t\u00f4i l\u00e0 chuy\u00ean gia l\u00e0m cho \u0111\u1ea5t m\u00e0u m\u1ee1. CH\u1ebe PH\u1ea8M SEA Li\u00ean h\u1ec7 Ch\u00fang t\u00f4i Ch\u1ebf ph\u1ea9m SEA Ch\u1ebf ph\u1ea9m c\u1ea3i t\u1ea1o m\u00f4i tr\u01b0\u1eddng \u0111\u1ea5t v\u00e0 vi sinh v\u1eadt, l\u00e0m cho \u0111\u1ea5t gi\u00e0u, m\u00e0u m\u1ee1, b\u1ea3o v\u1ec7 m\u00f4i tr\u01b0\u1eddng. Ch\u1ea5t\u2026","rel":"","context":"Similar post","img":{"alt_text":"logo s\u1ea3n ph\u1ea9m SEA 1","src":"https:\/\/i0.wp.com\/hacdaubai.com\/wp-content\/uploads\/2022\/04\/logoSEA2_glow.png?resize=350%2C200&ssl=1","width":350,"height":200},"classes":[]},{"id":119,"url":"https:\/\/hacdaubai.com\/index.php\/cac-san-pham-cua-chung-toi\/sea-chat-trong\/","url_meta":{"origin":132,"position":2},"title":"Ch\u1ea5t tr\u1ed3ng SEA","date":"April 22, 2022","format":false,"excerpt":"Ch\u1ea5t h\u1eefu c\u01a1 trong \u0111\u1ea5t l\u00e0 th\u00e0nh t\u1ed1 \u0111\u00f3ng vai tr\u00f2 h\u1ebft s\u1ee9c quan tr\u1ecdng trong vi\u1ec7c duy tr\u00ec \u0111\u1ed9 ph\u00ec nhi\u00eau c\u1ee7a \u0111\u1ea5t , cung c\u1ea5p dinh d\u01b0\u1ee1ng , duy tr\u00ec v\u00e0 ph\u00e1t tri\u1ec3n s\u1ee9c s\u1ea3n xu\u1ea5t c\u1ee7a \u0111\u1ea5t t\u1eeb \u0111\u00f3 d\u1eabn \u0111\u1ebfn vi\u1ec7c ph\u00e1t tri\u1ec3n c\u1ee7a c\u00e2y tr\u1ed3ng\u2026","rel":"","context":"Similar post","img":{"alt_text":"","src":"https:\/\/i0.wp.com\/hacdaubai.com\/wp-content\/uploads\/2022\/04\/108315175_172939120872423_2125906229424490044_o-1.jpg?resize=350%2C200&ssl=1","width":350,"height":200},"classes":[]},{"id":95,"url":"https:\/\/hacdaubai.com\/index.php\/cac-san-pham-cua-chung-toi\/","url_meta":{"origin":132,"position":3},"title":"Ch\u1ebf ph\u1ea9m SEA.","date":"April 19, 2022","format":false,"excerpt":"\u00dd t\u01b0\u1edfng v\u1ec1 m\u1ed9t s\u1ea3n ph\u1ea9m ph\u00e2n b\u00f3n s\u1ea1ch , an to\u00e0n cho s\u1ea3n xu\u1ea5t n\u00f4ng nghi\u1ec7p manh nha trong ng\u01b0\u1eddi s\u00e1ng l\u1eadp c\u00f4ng ty t\u1eeb nh\u1eefng n\u0103m 90 . Ch\u00fang t\u00f4i \u00a0nh\u1eadn ra m\u1ed9t \u0111i\u1ec1u t\u1ea1i sao ta c\u1ee9 ch\u00fa tr\u1ecdng \u0111\u1ebfn \u0111i\u1ec1u ph\u1ea3i l\u00e0m cho c\u00e2y t\u1ed1t ,\u2026","rel":"","context":"Similar post","img":{"alt_text":"logo s\u1ea3n ph\u1ea9m SEA 1","src":"https:\/\/i0.wp.com\/hacdaubai.com\/wp-content\/uploads\/2022\/04\/logoSEA2_glow.png?resize=350%2C200&ssl=1","width":350,"height":200},"classes":[]},{"id":89,"url":"https:\/\/hacdaubai.com\/index.php\/tu-gioi-thieu\/","url_meta":{"origin":132,"position":4},"title":"T\u1ef1 gi\u1edbi thi\u1ec7u.","date":"April 16, 2022","format":false,"excerpt":"T\u1eeb bao \u0111\u1eddi nay , \u0111\u1ea5t l\u00e0 m\u00f4i tr\u01b0\u1eddng s\u1ed1ng v\u00e0 ph\u00e1t tri\u1ec3n c\u1ee7a c\u00e1c lo\u1ea1i c\u00e2y tr\u1ed3ng \u2013 ngu\u1ed3n th\u1ef1c ph\u1ea9m nu\u00f4i s\u1ed1ng ch\u00fang ta v\u00e0 h\u01a1n th\u1ebf n\u1eefa \u0111\u00f3 l\u00e0 ngu\u1ed3n nu\u00f4i d\u01b0\u1ee1ng v\u00e0 duy tr\u00ec s\u1ef1 s\u1ed1ng tr\u00ean h\u00e0nh tinh ch\u00fang ta . Tuy nhi\u00ean do y\u00eau\u2026","rel":"","context":"Similar post","img":{"alt_text":"","src":"https:\/\/i0.wp.com\/hacdaubai.com\/wp-content\/uploads\/2022\/04\/sdsadsad.jpg?resize=350%2C200&ssl=1","width":350,"height":200},"classes":[]},{"id":122,"url":"https:\/\/hacdaubai.com\/index.php\/cac-san-pham-cua-chung-toi\/sea-giu-am\/","url_meta":{"origin":132,"position":5},"title":"SEA Gi\u1eef \u1ea8m","date":"April 22, 2022","format":false,"excerpt":"S\u1ea3n ph\u1ea9m \u0111\u00e3 ho\u00e0n th\u00e0nh giai \u0111o\u1ea1n nghi\u00ean c\u1ee9u , ph\u00e2n t\u00edch , s\u1ea3n xu\u1ea5t m\u1eabu v\u00e0 th\u1ef1c nghi\u1ec7m trong s\u1ea3n xu\u1ea5t t\u1ea1i 4 t\u1ec9nh c\u00f3 m\u00f9a kh\u00f4 k\u00e9o d\u00e0i , c\u00f3 \u0111i\u1ec1u ki\u1ec7n t\u1ef1 nhi\u00ean b\u1ecb h\u1ea1n. S\u1ea3n ph\u1ea9m \u0111ang \u0111\u01b0\u1ee3c th\u1ef1c hi\u1ec7n c\u00f4ng vi\u1ec7c tr\u00ecnh c\u01a1 quan ch\u1ee9c\u2026","rel":"","context":"Similar post","img":{"alt_text":"","src":"https:\/\/i0.wp.com\/hacdaubai.com\/wp-content\/uploads\/2022\/04\/108315175_172939120872423_2125906229424490044_o-1.jpg?resize=350%2C200&ssl=1","width":350,"height":200},"classes":[]}],"_links":{"self":[{"href":"https:\/\/hacdaubai.com\/index.php\/wp-json\/wp\/v2\/pages\/132"}],"collection":[{"href":"https:\/\/hacdaubai.com\/index.php\/wp-json\/wp\/v2\/pages"}],"about":[{"href":"https:\/\/hacdaubai.com\/index.php\/wp-json\/wp\/v2\/types\/page"}],"author":[{"embeddable":true,"href":"https:\/\/hacdaubai.com\/index.php\/wp-json\/wp\/v2\/users\/1"}],"replies":[{"embeddable":true,"href":"https:\/\/hacdaubai.com\/index.php\/wp-json\/wp\/v2\/comments?post=132"}],"version-history":[{"count":16,"href":"https:\/\/hacdaubai.com\/index.php\/wp-json\/wp\/v2\/pages\/132\/revisions"}],"predecessor-version":[{"id":634,"href":"https:\/\/hacdaubai.com\/index.php\/wp-json\/wp\/v2\/pages\/132\/revisions\/634"}],"wp:attachment":[{"href":"https:\/\/hacdaubai.com\/index.php\/wp-json\/wp\/v2\/media?parent=132"}],"curies":[{"name":"wp","href":"https:\/\/api.w.org\/{rel}","templated":true}]}}