{"id":122,"date":"2022-04-22T12:52:40","date_gmt":"2022-04-22T12:52:40","guid":{"rendered":"https:\/\/hacdaubai.com\/?page_id=122"},"modified":"2022-04-22T12:52:42","modified_gmt":"2022-04-22T12:52:42","slug":"sea-giu-am","status":"publish","type":"page","link":"https:\/\/hacdaubai.com\/index.php\/cac-san-pham-cua-chung-toi\/sea-giu-am\/","title":{"rendered":"SEA Gi\u1eef \u1ea8m"},"content":{"rendered":"\n<div class=\"wp-block-image\"><figure class=\"aligncenter size-large\"><img loading=\"lazy\" width=\"1024\" height=\"473\" src=\"https:\/\/hacdaubai.com\/wp-content\/uploads\/2022\/04\/logoSEAgiuam1-1024x473.png\" alt=\"\" class=\"wp-image-123\" srcset=\"https:\/\/hacdaubai.com\/wp-content\/uploads\/2022\/04\/logoSEAgiuam1-1024x473.png 1024w, https:\/\/hacdaubai.com\/wp-content\/uploads\/2022\/04\/logoSEAgiuam1-300x139.png 300w, https:\/\/hacdaubai.com\/wp-content\/uploads\/2022\/04\/logoSEAgiuam1-768x355.png 768w, https:\/\/hacdaubai.com\/wp-content\/uploads\/2022\/04\/logoSEAgiuam1-1536x709.png 1536w, https:\/\/hacdaubai.com\/wp-content\/uploads\/2022\/04\/logoSEAgiuam1-2048x946.png 2048w\" sizes=\"(max-width: 1024px) 100vw, 1024px\" \/><\/figure><\/div>\n\n\n\n<p>S\u1ea3n ph\u1ea9m \u0111\u00e3 ho\u00e0n th\u00e0nh giai \u0111o\u1ea1n nghi\u00ean c\u1ee9u , ph\u00e2n t\u00edch , s\u1ea3n xu\u1ea5t m\u1eabu v\u00e0 th\u1ef1c nghi\u1ec7m trong s\u1ea3n xu\u1ea5t t\u1ea1i 4 t\u1ec9nh c\u00f3 m\u00f9a kh\u00f4 k\u00e9o d\u00e0i , c\u00f3 \u0111i\u1ec1u ki\u1ec7n t\u1ef1 nhi\u00ean b\u1ecb h\u1ea1n. S\u1ea3n ph\u1ea9m \u0111ang \u0111\u01b0\u1ee3c th\u1ef1c hi\u1ec7n c\u00f4ng vi\u1ec7c tr\u00ecnh c\u01a1 quan ch\u1ee9c n\u0103ng \u0111\u1ec3 xin ph\u00e9p s\u1ea3n xu\u1ea5t , l\u01b0u h\u00e0nh.<\/p>\n\n\n\n<hr class=\"wp-block-separator\"\/>\n\n\n\n<p>\u00d4ng b\u00e0 ta c\u00f3 c\u00e2u \u201cNh\u1ea5t n\u01b0\u1edbc , nh\u00ec ph\u00e2n , tam c\u1ea7n , t\u1ee9 gi\u1ed1ng \u201c , vai tr\u00f2 c\u1ee7a n\u01b0\u1edbc quan tr\u1ecdng b\u1eadc nh\u1ea5t kh\u00f4ng th\u1ec3 thay th\u1ebf . Trong t\u00ecnh h\u00ecnh hi\u1ec7n nay , s\u1ef1 thay \u0111\u1ed5i c\u1ee7a th\u1eddi ti\u1ebft l\u1ea1i c\u00e0ng l\u00e0m r\u00f5 vai tr\u00f2 c\u1ee7a n\u01b0\u1edbc trong s\u1ea3n xu\u1ea5t n\u00f4ng nghi\u1ec7p.<\/p>\n\n\n\n<p>V\u1ea5n \u0111\u1ec1 gi\u1eef n\u01b0\u1edbc trong \u0111\u1ea5t v\u00e0 cung c\u1ea5p n\u01b0\u1edbc cho \u0111\u1ea5t \u0111\u1ec3 gi\u1eef \u0111\u1ed9 \u1ea9m, cung c\u1ea5p cho nhu c\u1ea7u n\u01b0\u1edbc c\u1ee7a c\u00e2y \u0111\u00e3 \u0111\u01b0\u1ee3c r\u1ea5t nhi\u1ec1u nghi\u00ean c\u1ee9u , \u1ee9ng d\u1ee5ng , nhi\u1ec1u s\u1ea3n ph\u1ea9m \u0111\u00e3 ra \u0111\u1eddi nh\u1eb1m m\u1ee5c \u0111\u00edch n\u00e0y. Tuy nhi\u00ean , s\u1ed1 l\u01b0\u1ee3ng c\u00e1c s\u1ea3n ph\u1ea9m c\u00f2n \u00edt , \u0111a s\u1ed1 t\u1eadp trung v\u00e0o c\u00e1c gi\u1ea3i ph\u00e1p c\u01a1 h\u1ecdc ( h\u1ec7 th\u1ed1ng h\u1ed3 , \u1ed1ng d\u1eabn , che ch\u1eafn , \u2026. ) thi\u1ebfu hay n\u00f3i \u0111\u00fang h\u01a1n l\u00e0 ch\u01b0a c\u00f3 gi\u1ea3i ph\u00e1p t\u1ea1o \u0111\u1ed9 \u1ea9m cho \u0111\u1ea5t ngay t\u1eeb trong \u0111\u1ea5t , gi\u1ea3i ph\u00e1p s\u1eed d\u1ee5ng c\u00e1c ch\u1ea5t gi\u1eef n\u01b0\u1edbc v\u00f4 h\u1ea1i v\u1edbi m\u00f4i tr\u01b0\u1eddng \u0111\u1ea5t v\u00e0 v\u1edbi c\u00e2y tr\u1ed3ng.<\/p>\n\n\n\n<p>Ch\u1ebf ph\u1ea9m NGUY\u1ec4N THANH H\u1ea2I GI\u1eee \u1ea8M ( GA &#8211; <img loading=\"lazy\" width=\"2514\" height=\"1161\" class=\"wp-image-123\" style=\"width: 70px;\" src=\"https:\/\/hacdaubai.com\/wp-content\/uploads\/2022\/04\/logoSEAgiuam1.png\" alt=\"\" srcset=\"https:\/\/hacdaubai.com\/wp-content\/uploads\/2022\/04\/logoSEAgiuam1.png 2514w, https:\/\/hacdaubai.com\/wp-content\/uploads\/2022\/04\/logoSEAgiuam1-300x139.png 300w, https:\/\/hacdaubai.com\/wp-content\/uploads\/2022\/04\/logoSEAgiuam1-1024x473.png 1024w, https:\/\/hacdaubai.com\/wp-content\/uploads\/2022\/04\/logoSEAgiuam1-768x355.png 768w, https:\/\/hacdaubai.com\/wp-content\/uploads\/2022\/04\/logoSEAgiuam1-1536x709.png 1536w, https:\/\/hacdaubai.com\/wp-content\/uploads\/2022\/04\/logoSEAgiuam1-2048x946.png 2048w\" sizes=\"(max-width: 2514px) 100vw, 2514px\" \/>) l\u00e0 s\u1ea3n ph\u1ea9m ho\u00e0n to\u00e0n t\u1ef1 nhi\u00ean , b\u1ea3n ch\u1ea5t h\u1eefu c\u01a1 , sau m\u1ed9t th\u1eddi gian s\u1ebd t\u1ef1 ph\u00e2n hu\u1ef7 th\u00e0nh ch\u1ea5t m\u00f9n cung c\u1ea5p dinh d\u01b0\u1ee1ng cho \u0111\u1ea5t , GA c\u00f2n c\u00f3 \u0111\u1eb7c t\u00ednh kh\u00e1ng khu\u1ea9n v\u1edbi c\u00e1c vi khu\u1ea9n c\u00f3 h\u1ea1i g\u00e2y b\u1ecbnh t\u1ed3n t\u1ea1i trong m\u00f4i tr\u01b0\u1eddng \u0111\u1ea5t.<\/p>\n\n\n\n<p>Ch\u1ebf ph\u1ea9m GA c\u00f3 \u0111\u1ed9 tr\u01b0\u01a1ng n\u1edf g\u1ea5p 9 -10 l\u1ea7n tr\u1ecdng l\u01b0\u1ee3ng ban \u0111\u1ea7u.<\/p>\n\n\n\n<p>C\u00f3 tu\u1ed5i th\u1ecd s\u1ea3n ph\u1ea9m trong kho\u1ea3ng 180 ng\u00e0y \u0111\u1ebfn 350 ng\u00e0y tu\u1ef3 lo\u1ea1i \u0111\u1ea5t v\u00e0 c\u00e2y tr\u1ed3ng.<\/p>\n\n\n\n<p>Ch\u1ebf ph\u1ea9m GA b\u1ec1n v\u1edbi \u00e1nh n\u1eafng , kh\u00f4ng b\u1ecb ph\u00e1 hu\u1ef7 b\u1edfi \u00e1nh n\u1eafng n\u00ean d\u1ec5 d\u00e0ng trong kh\u00e2u l\u00e0m \u0111\u1ea5t.<\/p>\n\n\n\n<p><strong>A.\/ Th\u00e0nh ph\u1ea7n \u0111\u0103ng k\u00fd.<\/strong><\/p>\n\n\n\n<p>1. Ch\u1ea5t h\u1eefu c\u01a1 ( t\u1eeb th\u1ef1c v\u1eadt ):\u00a0\u00a0\u00a0\u00a0\u00a0\u00a0\u00a0\u00a0\u00a0\u00a0 100%.<\/p>\n\n\n\n<p>S\u1ea3n ph\u1ea9m ph\u1ea3i \u0111\u1ea1t \u0111\u1ed9 kh\u00f4 d\u01b0\u1edbi 8% , \u0111\u1ed9 nhuy\u1ec5n qua m\u1eaft s\u00e0ng 0,5mm .<\/p>\n\n\n\n<p>D\u1ea1ng h\u00ecnh tr\u1ee5 n\u00e9n.<\/p>\n\n\n\n<p><strong>B.\/ C\u00f4ng d\u1ee5ng.<\/strong><\/p>\n\n\n\n<p> &#8211; Gi\u1eef n\u01b0\u1edbc trong v\u00f9ng r\u1ec5 v\u1edbi \u0111\u1ed9 \u1ea9m th\u00edch h\u1ee3p v\u1eeba ph\u1ea3i , t\u1ea1o \u0111i\u1ec1u ki\u1ec7n cung c\u1ea5p n\u01b0\u1edbc cho c\u00e2y trong \u0111i\u1ec1u ki\u1ec7n kh\u00f4 h\u1ea1n.<\/p>\n\n\n\n<p> &#8211; Gi\u00fap r\u1ec5 c\u00e2y ph\u00e1t tri\u1ec3n.<\/p>\n\n\n\n<p>\u00a0 &#8211; Gi\u1ea3m s\u1ed1 l\u1ea7n t\u01b0\u1edbi n\u01b0\u1edbc.<\/p>\n\n\n\n<p> &#8211; C\u1ea3i thi\u1ec7n k\u1ebft c\u1ea5u c\u1ee7a \u0111\u1ea5t theo h\u01b0\u1edbng t\u01a1i x\u1ed1p.<\/p>\n\n\n\n<p> &#8211; Gi\u00fap \u0111\u1ea5t gi\u1eef n\u01b0\u1edbc v\u00e0 ch\u1ea5t dinh d\u01b0\u1ee1ng t\u1ed1t h\u01a1n.<\/p>\n\n\n\n<p> &#8211; Ngu\u1ed3n b\u1ed5 sung ch\u1ea5t h\u1eefu c\u01a1 cho \u0111\u1ea5t khi \u0111\u00e3 ph\u00e2n hu\u1ef7 theo th\u1eddi gian.<\/p>\n\n\n\n<p><strong>C.\/ C\u00e1ch s\u1eed d\u1ee5ng.<\/strong><\/p>\n\n\n\n<p>S\u1eed d\u1ee5ng theo \u0111\u01a1n v\u1ecb di\u1ec7n t\u00edch \u0111\u1ea5t.<\/p>\n\n\n\n<p>V\u1edbi c\u00e2y tr\u1ed3ng gieo theo ph\u01b0\u01a1ng ph\u00e1p s\u1ea1 , gieo h\u00e0ng v\u00e0 c\u00f3 th\u1eddi gian sinh tr\u01b0\u1edfng ng\u1eafn ( rau m\u00e0u , c\u00e2y c\u00f4ng nghi\u1ec7p ng\u1eafn ng\u00e0y nh\u01b0 \u0111\u1eadu , khoai , m\u00e8 \u2026. )<\/p>\n\n\n\n<ul><li>Li\u1ec1u l\u01b0\u1ee3ng : &nbsp;3kg \u2013 7 kg \/ 1.000 m2.<\/li><li>C\u00e1ch s\u1eed d\u1ee5ng :&nbsp; R\u1ea3i \u0111\u1ec1u theo h\u00e0ng hay b\u1ecf theo h\u1ed1 ( h\u1ed1c ).<\/li><\/ul>\n\n\n\n<p>S\u1eed d\u1ee5ng theo c\u00e2y :<\/p>\n\n\n\n<p>\u00c1p d\u1ee5ng cho c\u00e2y l\u00e2u n\u0103m : C\u00e2y \u0103n qu\u1ea3 , c\u00e2y c\u00f4ng nghi\u1ec7p\u2026<\/p>\n\n\n\n<ul><li>Li\u1ec1u l\u01b0\u1ee3ng : theo tu\u1ed5i c\u00e2y , \u0111\u01b0\u1eddng k\u00ednh g\u1ed1c c\u00e2y.<\/li><li>\u0110\u01b0\u1eddng k\u00ednh g\u1ed1c :&nbsp; 0 \u2013 4 cm :&nbsp; 1kg \/ 100 c\u00e2y.( 10 g \/ g\u1ed1c )<\/li><li>\u0110\u01b0\u1eddng k\u00ednh g\u1ed1c :&nbsp; 5 cm \u2013 12 cm :&nbsp; 1 kg \/ 10 \u2013 20 c\u00e2y ( 50 g \u2013 100g \/ g\u1ed1c )<\/li><li>\u0110\u01b0\u1eddng k\u00ednh g\u1ed1c l\u1edbn h\u01a1n 12 cm : 1kg \/ 5- 7 c\u00e2y ( 150g \u2013 200g \/ g\u1ed1c)<\/li><li>C\u00e1ch s\u1eed d\u1ee5ng :<\/li><li>\u0110\u1ec3 nguy\u00ean b\u1ea3n s\u1ea3n ph\u1ea9m kh\u00f4ng c\u1ea7n ng\u00e2m n\u01b0\u1edbc tr\u01b0\u1edbc.<\/li><li>\u0110\u00e0o r\u00e3nh chung quanh g\u1ed1c theo t\u00e1n c\u00e2y nh\u01b0ng c\u00e1ch m\u00e9p ngo\u00e0i c\u00f9ng c\u1ee7a&nbsp; t\u00e1n c\u00e2y 50 cm \u2013 70 cm \u0111\u1ed9 s\u00e2u r\u00e3nh : 25 cm.<\/li><li>R\u1ea3i \u0111\u1ec1u s\u1ea3n ph\u1ea9m theo r\u00e3nh .<\/li><li>L\u1ea5p \u0111\u1ea5t sau khi r\u1ea3i.<\/li><li>T\u01b0\u1edbi n\u01b0\u1edbc nhi\u1ec1u cho \u01b0\u1edbt \u0111\u1eabm sau khi l\u1ea5p \u0111\u1ea5t.<\/li><\/ul>\n\n\n\n<p>24 ti\u1ebfng sau ( 1ng\u00e0y 1 \u0111\u00eam ) t\u01b0\u1edbi l\u1ea1i l\u1ea7n n\u1eefa.<\/p>\n","protected":false},"excerpt":{"rendered":"<p>S\u1ea3n ph\u1ea9m \u0111\u00e3 ho\u00e0n th\u00e0nh giai \u0111o\u1ea1n nghi\u00ean c\u1ee9u , ph\u00e2n t\u00edch , s\u1ea3n xu\u1ea5t m\u1eabu v\u00e0 th\u1ef1c nghi\u1ec7m trong s\u1ea3n xu\u1ea5t t\u1ea1i 4 t\u1ec9nh c\u00f3 m\u00f9a kh\u00f4 k\u00e9o d\u00e0i , c\u00f3 \u0111i\u1ec1u ki\u1ec7n t\u1ef1 nhi\u00ean b\u1ecb h\u1ea1n. S\u1ea3n ph\u1ea9m \u0111ang \u0111\u01b0\u1ee3c th\u1ef1c hi\u1ec7n c\u00f4ng vi\u1ec7c tr\u00ecnh c\u01a1 quan ch\u1ee9c n\u0103ng \u0111\u1ec3 xin ph\u00e9p s\u1ea3n&hellip;&nbsp;<a href=\"https:\/\/hacdaubai.com\/index.php\/cac-san-pham-cua-chung-toi\/sea-giu-am\/\" class=\"\" rel=\"bookmark\">Read More &raquo;<span class=\"screen-reader-text\">SEA Gi\u1eef \u1ea8m<\/span><\/a><\/p>\n","protected":false},"author":1,"featured_media":90,"parent":95,"menu_order":0,"comment_status":"closed","ping_status":"closed","template":"","meta":{"neve_meta_sidebar":"","neve_meta_container":"","neve_meta_enable_content_width":"","neve_meta_content_width":0,"neve_meta_title_alignment":"","neve_meta_author_avatar":"","neve_post_elements_order":"","neve_meta_disable_header":"","neve_meta_disable_footer":"","neve_meta_disable_title":"","spay_email":""},"yoast_head":"<!-- This site is optimized with the Yoast SEO plugin v18.6 - https:\/\/yoast.com\/wordpress\/plugins\/seo\/ -->\n<title>SEA Gi\u1eef \u1ea8m - c\u00f4ng ty nguy\u1ec5n thanh h\u1ea3i<\/title>\n<meta name=\"robots\" content=\"index, follow, max-snippet:-1, max-image-preview:large, max-video-preview:-1\" \/>\n<link rel=\"canonical\" href=\"https:\/\/hacdaubai.com\/index.php\/cac-san-pham-cua-chung-toi\/sea-giu-am\/\" \/>\n<meta property=\"og:locale\" content=\"en_US\" \/>\n<meta property=\"og:type\" content=\"article\" \/>\n<meta property=\"og:title\" content=\"SEA Gi\u1eef \u1ea8m - c\u00f4ng ty nguy\u1ec5n thanh h\u1ea3i\" \/>\n<meta property=\"og:description\" content=\"S\u1ea3n ph\u1ea9m \u0111\u00e3 ho\u00e0n th\u00e0nh giai \u0111o\u1ea1n nghi\u00ean c\u1ee9u , ph\u00e2n t\u00edch , s\u1ea3n xu\u1ea5t m\u1eabu v\u00e0 th\u1ef1c nghi\u1ec7m trong s\u1ea3n xu\u1ea5t t\u1ea1i 4 t\u1ec9nh c\u00f3 m\u00f9a kh\u00f4 k\u00e9o d\u00e0i , c\u00f3 \u0111i\u1ec1u ki\u1ec7n t\u1ef1 nhi\u00ean b\u1ecb h\u1ea1n. S\u1ea3n ph\u1ea9m \u0111ang \u0111\u01b0\u1ee3c th\u1ef1c hi\u1ec7n c\u00f4ng vi\u1ec7c tr\u00ecnh c\u01a1 quan ch\u1ee9c n\u0103ng \u0111\u1ec3 xin ph\u00e9p s\u1ea3n&hellip;&nbsp;Read More &raquo;SEA Gi\u1eef \u1ea8m\" \/>\n<meta property=\"og:url\" content=\"https:\/\/hacdaubai.com\/index.php\/cac-san-pham-cua-chung-toi\/sea-giu-am\/\" \/>\n<meta property=\"og:site_name\" content=\"c\u00f4ng ty nguy\u1ec5n thanh h\u1ea3i\" \/>\n<meta property=\"article:modified_time\" content=\"2022-04-22T12:52:42+00:00\" \/>\n<meta property=\"og:image\" content=\"https:\/\/hacdaubai.com\/wp-content\/uploads\/2022\/04\/108315175_172939120872423_2125906229424490044_o-1.jpg\" \/>\n\t<meta property=\"og:image:width\" content=\"500\" \/>\n\t<meta property=\"og:image:height\" content=\"284\" \/>\n\t<meta property=\"og:image:type\" content=\"image\/jpeg\" \/>\n<meta name=\"twitter:card\" content=\"summary_large_image\" \/>\n<meta name=\"twitter:label1\" content=\"Est. reading time\" \/>\n\t<meta name=\"twitter:data1\" content=\"4 minutes\" \/>\n<script type=\"application\/ld+json\" class=\"yoast-schema-graph\">{\"@context\":\"https:\/\/schema.org\",\"@graph\":[{\"@type\":\"Organization\",\"@id\":\"https:\/\/hacdaubai.com\/#organization\",\"name\":\"C\u00f4ng ty TNHH TM MTV Nguy\u1ec5n Thanh H\u1ea3i\",\"url\":\"https:\/\/hacdaubai.com\/\",\"sameAs\":[\"https:\/\/www.youtube.com\/channel\/UCIvIoGmAr7rtXQ-KK-1FrMA\"],\"logo\":{\"@type\":\"ImageObject\",\"@id\":\"https:\/\/hacdaubai.com\/#logo\",\"inLanguage\":\"en-US\",\"url\":\"https:\/\/hacdaubai.com\/wp-content\/uploads\/2022\/04\/logo..png\",\"contentUrl\":\"https:\/\/hacdaubai.com\/wp-content\/uploads\/2022\/04\/logo..png\",\"width\":2227,\"height\":552,\"caption\":\"C\u00f4ng ty TNHH TM MTV Nguy\u1ec5n Thanh H\u1ea3i\"},\"image\":{\"@id\":\"https:\/\/hacdaubai.com\/#logo\"}},{\"@type\":\"WebSite\",\"@id\":\"https:\/\/hacdaubai.com\/#website\",\"url\":\"https:\/\/hacdaubai.com\/\",\"name\":\"c\u00f4ng ty nguy\u1ec5n thanh h\u1ea3i\",\"description\":\"\u0110\u00f3 l\u00e0 t\u1ef1 nhi\u00ean. \u0110\u00f3 l\u00e0 b\u1ec1n v\u1eefng.\",\"publisher\":{\"@id\":\"https:\/\/hacdaubai.com\/#organization\"},\"potentialAction\":[{\"@type\":\"SearchAction\",\"target\":{\"@type\":\"EntryPoint\",\"urlTemplate\":\"https:\/\/hacdaubai.com\/?s={search_term_string}\"},\"query-input\":\"required name=search_term_string\"}],\"inLanguage\":\"en-US\"},{\"@type\":\"ImageObject\",\"@id\":\"https:\/\/hacdaubai.com\/index.php\/cac-san-pham-cua-chung-toi\/sea-giu-am\/#primaryimage\",\"inLanguage\":\"en-US\",\"url\":\"https:\/\/hacdaubai.com\/wp-content\/uploads\/2022\/04\/108315175_172939120872423_2125906229424490044_o-1.jpg\",\"contentUrl\":\"https:\/\/hacdaubai.com\/wp-content\/uploads\/2022\/04\/108315175_172939120872423_2125906229424490044_o-1.jpg\",\"width\":500,\"height\":284},{\"@type\":\"WebPage\",\"@id\":\"https:\/\/hacdaubai.com\/index.php\/cac-san-pham-cua-chung-toi\/sea-giu-am\/#webpage\",\"url\":\"https:\/\/hacdaubai.com\/index.php\/cac-san-pham-cua-chung-toi\/sea-giu-am\/\",\"name\":\"SEA Gi\u1eef \u1ea8m - c\u00f4ng ty nguy\u1ec5n thanh h\u1ea3i\",\"isPartOf\":{\"@id\":\"https:\/\/hacdaubai.com\/#website\"},\"primaryImageOfPage\":{\"@id\":\"https:\/\/hacdaubai.com\/index.php\/cac-san-pham-cua-chung-toi\/sea-giu-am\/#primaryimage\"},\"datePublished\":\"2022-04-22T12:52:40+00:00\",\"dateModified\":\"2022-04-22T12:52:42+00:00\",\"breadcrumb\":{\"@id\":\"https:\/\/hacdaubai.com\/index.php\/cac-san-pham-cua-chung-toi\/sea-giu-am\/#breadcrumb\"},\"inLanguage\":\"en-US\",\"potentialAction\":[{\"@type\":\"ReadAction\",\"target\":[\"https:\/\/hacdaubai.com\/index.php\/cac-san-pham-cua-chung-toi\/sea-giu-am\/\"]}]},{\"@type\":\"BreadcrumbList\",\"@id\":\"https:\/\/hacdaubai.com\/index.php\/cac-san-pham-cua-chung-toi\/sea-giu-am\/#breadcrumb\",\"itemListElement\":[{\"@type\":\"ListItem\",\"position\":1,\"name\":\"Home\",\"item\":\"https:\/\/hacdaubai.com\/\"},{\"@type\":\"ListItem\",\"position\":2,\"name\":\"Ch\u1ebf ph\u1ea9m SEA.\",\"item\":\"https:\/\/hacdaubai.com\/index.php\/cac-san-pham-cua-chung-toi\/\"},{\"@type\":\"ListItem\",\"position\":3,\"name\":\"SEA Gi\u1eef \u1ea8m\"}]}]}<\/script>\n<!-- \/ Yoast SEO plugin. -->","yoast_head_json":{"title":"SEA Gi\u1eef \u1ea8m - c\u00f4ng ty nguy\u1ec5n thanh h\u1ea3i","robots":{"index":"index","follow":"follow","max-snippet":"max-snippet:-1","max-image-preview":"max-image-preview:large","max-video-preview":"max-video-preview:-1"},"canonical":"https:\/\/hacdaubai.com\/index.php\/cac-san-pham-cua-chung-toi\/sea-giu-am\/","og_locale":"en_US","og_type":"article","og_title":"SEA Gi\u1eef \u1ea8m - c\u00f4ng ty nguy\u1ec5n thanh h\u1ea3i","og_description":"S\u1ea3n ph\u1ea9m \u0111\u00e3 ho\u00e0n th\u00e0nh giai \u0111o\u1ea1n nghi\u00ean c\u1ee9u , ph\u00e2n t\u00edch , s\u1ea3n xu\u1ea5t m\u1eabu v\u00e0 th\u1ef1c nghi\u1ec7m trong s\u1ea3n xu\u1ea5t t\u1ea1i 4 t\u1ec9nh c\u00f3 m\u00f9a kh\u00f4 k\u00e9o d\u00e0i , c\u00f3 \u0111i\u1ec1u ki\u1ec7n t\u1ef1 nhi\u00ean b\u1ecb h\u1ea1n. S\u1ea3n ph\u1ea9m \u0111ang \u0111\u01b0\u1ee3c th\u1ef1c hi\u1ec7n c\u00f4ng vi\u1ec7c tr\u00ecnh c\u01a1 quan ch\u1ee9c n\u0103ng \u0111\u1ec3 xin ph\u00e9p s\u1ea3n&hellip;&nbsp;Read More &raquo;SEA Gi\u1eef \u1ea8m","og_url":"https:\/\/hacdaubai.com\/index.php\/cac-san-pham-cua-chung-toi\/sea-giu-am\/","og_site_name":"c\u00f4ng ty nguy\u1ec5n thanh h\u1ea3i","article_modified_time":"2022-04-22T12:52:42+00:00","og_image":[{"width":500,"height":284,"url":"https:\/\/hacdaubai.com\/wp-content\/uploads\/2022\/04\/108315175_172939120872423_2125906229424490044_o-1.jpg","type":"image\/jpeg"}],"twitter_card":"summary_large_image","twitter_misc":{"Est. reading time":"4 minutes"},"schema":{"@context":"https:\/\/schema.org","@graph":[{"@type":"Organization","@id":"https:\/\/hacdaubai.com\/#organization","name":"C\u00f4ng ty TNHH TM MTV Nguy\u1ec5n Thanh H\u1ea3i","url":"https:\/\/hacdaubai.com\/","sameAs":["https:\/\/www.youtube.com\/channel\/UCIvIoGmAr7rtXQ-KK-1FrMA"],"logo":{"@type":"ImageObject","@id":"https:\/\/hacdaubai.com\/#logo","inLanguage":"en-US","url":"https:\/\/hacdaubai.com\/wp-content\/uploads\/2022\/04\/logo..png","contentUrl":"https:\/\/hacdaubai.com\/wp-content\/uploads\/2022\/04\/logo..png","width":2227,"height":552,"caption":"C\u00f4ng ty TNHH TM MTV Nguy\u1ec5n Thanh H\u1ea3i"},"image":{"@id":"https:\/\/hacdaubai.com\/#logo"}},{"@type":"WebSite","@id":"https:\/\/hacdaubai.com\/#website","url":"https:\/\/hacdaubai.com\/","name":"c\u00f4ng ty nguy\u1ec5n thanh h\u1ea3i","description":"\u0110\u00f3 l\u00e0 t\u1ef1 nhi\u00ean. \u0110\u00f3 l\u00e0 b\u1ec1n v\u1eefng.","publisher":{"@id":"https:\/\/hacdaubai.com\/#organization"},"potentialAction":[{"@type":"SearchAction","target":{"@type":"EntryPoint","urlTemplate":"https:\/\/hacdaubai.com\/?s={search_term_string}"},"query-input":"required name=search_term_string"}],"inLanguage":"en-US"},{"@type":"ImageObject","@id":"https:\/\/hacdaubai.com\/index.php\/cac-san-pham-cua-chung-toi\/sea-giu-am\/#primaryimage","inLanguage":"en-US","url":"https:\/\/hacdaubai.com\/wp-content\/uploads\/2022\/04\/108315175_172939120872423_2125906229424490044_o-1.jpg","contentUrl":"https:\/\/hacdaubai.com\/wp-content\/uploads\/2022\/04\/108315175_172939120872423_2125906229424490044_o-1.jpg","width":500,"height":284},{"@type":"WebPage","@id":"https:\/\/hacdaubai.com\/index.php\/cac-san-pham-cua-chung-toi\/sea-giu-am\/#webpage","url":"https:\/\/hacdaubai.com\/index.php\/cac-san-pham-cua-chung-toi\/sea-giu-am\/","name":"SEA Gi\u1eef \u1ea8m - c\u00f4ng ty nguy\u1ec5n thanh h\u1ea3i","isPartOf":{"@id":"https:\/\/hacdaubai.com\/#website"},"primaryImageOfPage":{"@id":"https:\/\/hacdaubai.com\/index.php\/cac-san-pham-cua-chung-toi\/sea-giu-am\/#primaryimage"},"datePublished":"2022-04-22T12:52:40+00:00","dateModified":"2022-04-22T12:52:42+00:00","breadcrumb":{"@id":"https:\/\/hacdaubai.com\/index.php\/cac-san-pham-cua-chung-toi\/sea-giu-am\/#breadcrumb"},"inLanguage":"en-US","potentialAction":[{"@type":"ReadAction","target":["https:\/\/hacdaubai.com\/index.php\/cac-san-pham-cua-chung-toi\/sea-giu-am\/"]}]},{"@type":"BreadcrumbList","@id":"https:\/\/hacdaubai.com\/index.php\/cac-san-pham-cua-chung-toi\/sea-giu-am\/#breadcrumb","itemListElement":[{"@type":"ListItem","position":1,"name":"Home","item":"https:\/\/hacdaubai.com\/"},{"@type":"ListItem","position":2,"name":"Ch\u1ebf ph\u1ea9m SEA.","item":"https:\/\/hacdaubai.com\/index.php\/cac-san-pham-cua-chung-toi\/"},{"@type":"ListItem","position":3,"name":"SEA Gi\u1eef \u1ea8m"}]}]}},"jetpack-related-posts":[{"id":89,"url":"https:\/\/hacdaubai.com\/index.php\/tu-gioi-thieu\/","url_meta":{"origin":122,"position":0},"title":"T\u1ef1 gi\u1edbi thi\u1ec7u.","date":"April 16, 2022","format":false,"excerpt":"T\u1eeb bao \u0111\u1eddi nay , \u0111\u1ea5t l\u00e0 m\u00f4i tr\u01b0\u1eddng s\u1ed1ng v\u00e0 ph\u00e1t tri\u1ec3n c\u1ee7a c\u00e1c lo\u1ea1i c\u00e2y tr\u1ed3ng \u2013 ngu\u1ed3n th\u1ef1c ph\u1ea9m nu\u00f4i s\u1ed1ng ch\u00fang ta v\u00e0 h\u01a1n th\u1ebf n\u1eefa \u0111\u00f3 l\u00e0 ngu\u1ed3n nu\u00f4i d\u01b0\u1ee1ng v\u00e0 duy tr\u00ec s\u1ef1 s\u1ed1ng tr\u00ean h\u00e0nh tinh ch\u00fang ta . Tuy nhi\u00ean do y\u00eau\u2026","rel":"","context":"Similar post","img":{"alt_text":"","src":"https:\/\/i0.wp.com\/hacdaubai.com\/wp-content\/uploads\/2022\/04\/sdsadsad.jpg?resize=350%2C200&ssl=1","width":350,"height":200},"classes":[]},{"id":95,"url":"https:\/\/hacdaubai.com\/index.php\/cac-san-pham-cua-chung-toi\/","url_meta":{"origin":122,"position":1},"title":"Ch\u1ebf ph\u1ea9m SEA.","date":"April 19, 2022","format":false,"excerpt":"\u00dd t\u01b0\u1edfng v\u1ec1 m\u1ed9t s\u1ea3n ph\u1ea9m ph\u00e2n b\u00f3n s\u1ea1ch , an to\u00e0n cho s\u1ea3n xu\u1ea5t n\u00f4ng nghi\u1ec7p manh nha trong ng\u01b0\u1eddi s\u00e1ng l\u1eadp c\u00f4ng ty t\u1eeb nh\u1eefng n\u0103m 90 . Ch\u00fang t\u00f4i \u00a0nh\u1eadn ra m\u1ed9t \u0111i\u1ec1u t\u1ea1i sao ta c\u1ee9 ch\u00fa tr\u1ecdng \u0111\u1ebfn \u0111i\u1ec1u ph\u1ea3i l\u00e0m cho c\u00e2y t\u1ed1t ,\u2026","rel":"","context":"Similar post","img":{"alt_text":"logo s\u1ea3n ph\u1ea9m SEA 1","src":"https:\/\/i0.wp.com\/hacdaubai.com\/wp-content\/uploads\/2022\/04\/logoSEA2_glow.png?resize=350%2C200&ssl=1","width":350,"height":200},"classes":[]},{"id":106,"url":"https:\/\/hacdaubai.com\/index.php\/cac-san-pham-cua-chung-toi\/che-pham-cai-tao-dat\/","url_meta":{"origin":122,"position":2},"title":"Ch\u1ebf ph\u1ea9m C\u1ea3i t\u1ea1o \u0111\u1ea5t SEA","date":"April 22, 2022","format":false,"excerpt":"\u0110\u1ea4T KHO\u1eba, C\u00c2Y KHO\u1eba - \u0110\u1ea4T T\u1ed0T, C\u00c2Y T\u1ed0T T\u1eeb bao \u0111\u1eddi nay , \u0111\u1ea5t l\u00e0 m\u00f4i tr\u01b0\u1eddng s\u1ed1ng v\u00e0 ph\u00e1t tri\u1ec3n c\u1ee7a c\u00e1c lo\u1ea1i c\u00e2y tr\u1ed3ng \u2013 ngu\u1ed3n th\u1ef1c ph\u1ea9m nu\u00f4i s\u1ed1ng ch\u00fang ta v\u00e0 h\u01a1n th\u1ebf n\u1eefa \u0111\u00f3 l\u00e0 ngu\u1ed3n nu\u00f4i d\u01b0\u1ee1ng v\u00e0 duy tr\u00ec s\u1ef1 s\u1ed1ng tr\u00ean\u2026","rel":"","context":"Similar post","img":{"alt_text":"","src":"https:\/\/i0.wp.com\/hacdaubai.com\/wp-content\/uploads\/2022\/04\/108315175_172939120872423_2125906229424490044_o-1.jpg?resize=350%2C200&ssl=1","width":350,"height":200},"classes":[]},{"id":29,"url":"https:\/\/hacdaubai.com\/","url_meta":{"origin":122,"position":3},"title":"Trang Ch\u1ee7","date":"April 14, 2022","format":false,"excerpt":"\u0110\u00f3 l\u00e0 T\u1ef1 nhi\u00ean. \u0110\u00f3 l\u00e0 B\u1ec1n v\u1eefng. Ch\u00fang t\u00f4i l\u00e0 chuy\u00ean gia l\u00e0m cho \u0111\u1ea5t m\u00e0u m\u1ee1. CH\u1ebe PH\u1ea8M SEA Li\u00ean h\u1ec7 Ch\u00fang t\u00f4i Ch\u1ebf ph\u1ea9m SEA Ch\u1ebf ph\u1ea9m c\u1ea3i t\u1ea1o m\u00f4i tr\u01b0\u1eddng \u0111\u1ea5t v\u00e0 vi sinh v\u1eadt, l\u00e0m cho \u0111\u1ea5t gi\u00e0u, m\u00e0u m\u1ee1, b\u1ea3o v\u1ec7 m\u00f4i tr\u01b0\u1eddng. Ch\u1ea5t\u2026","rel":"","context":"Similar post","img":{"alt_text":"logo s\u1ea3n ph\u1ea9m SEA 1","src":"https:\/\/i0.wp.com\/hacdaubai.com\/wp-content\/uploads\/2022\/04\/logoSEA2_glow.png?resize=350%2C200&ssl=1","width":350,"height":200},"classes":[]},{"id":119,"url":"https:\/\/hacdaubai.com\/index.php\/cac-san-pham-cua-chung-toi\/sea-chat-trong\/","url_meta":{"origin":122,"position":4},"title":"Ch\u1ea5t tr\u1ed3ng SEA","date":"April 22, 2022","format":false,"excerpt":"Ch\u1ea5t h\u1eefu c\u01a1 trong \u0111\u1ea5t l\u00e0 th\u00e0nh t\u1ed1 \u0111\u00f3ng vai tr\u00f2 h\u1ebft s\u1ee9c quan tr\u1ecdng trong vi\u1ec7c duy tr\u00ec \u0111\u1ed9 ph\u00ec nhi\u00eau c\u1ee7a \u0111\u1ea5t , cung c\u1ea5p dinh d\u01b0\u1ee1ng , duy tr\u00ec v\u00e0 ph\u00e1t tri\u1ec3n s\u1ee9c s\u1ea3n xu\u1ea5t c\u1ee7a \u0111\u1ea5t t\u1eeb \u0111\u00f3 d\u1eabn \u0111\u1ebfn vi\u1ec7c ph\u00e1t tri\u1ec3n c\u1ee7a c\u00e2y tr\u1ed3ng\u2026","rel":"","context":"Similar post","img":{"alt_text":"","src":"https:\/\/i0.wp.com\/hacdaubai.com\/wp-content\/uploads\/2022\/04\/108315175_172939120872423_2125906229424490044_o-1.jpg?resize=350%2C200&ssl=1","width":350,"height":200},"classes":[]},{"id":585,"url":"https:\/\/hacdaubai.com\/index.php\/ve-chung-toi\/","url_meta":{"origin":122,"position":5},"title":"V\u1ec1 ch\u00fang t\u00f4i.","date":"November 15, 2023","format":false,"excerpt":"B\u00ean d\u01b0\u1edbi l\u00e0 nh\u1eefng gi\u1ea5y ch\u1ee9ng nh\u1eadn v\u00e0 quy chu\u1ea9n m\u00e0 s\u1ea3n ph\u1ea9m Ch\u1ebf ph\u1ea9m c\u1ee7a ch\u00fang t\u00f4i \u0111\u00e3 \u0111\u1ea1t \u0111\u01b0\u1ee3c. Gi\u1ea5y ph\u00e9p s\u1ea3n xu\u1ea5t & C\u00f4ng v\u0103n C\u1ee5c B\u1ea3o v\u1ec7 Th\u1ef1c v\u1eadt: Ti\u00eau chu\u1ea9n C\u01a1 s\u1edf Ch\u1ea5t c\u1ea3i t\u1ea1o & Ch\u1ea5t tr\u1ed3ng: Ch\u1ee9ng nh\u1eadn ISO, B\u00e1o c\u00e1o M\u00f4i tr\u01b0\u1eddng,\u2026","rel":"","context":"Similar post","img":{"alt_text":"","src":"https:\/\/i0.wp.com\/hacdaubai.com\/wp-content\/uploads\/2023\/11\/20231113_161707-1.jpg?resize=350%2C200&ssl=1","width":350,"height":200},"classes":[]}],"_links":{"self":[{"href":"https:\/\/hacdaubai.com\/index.php\/wp-json\/wp\/v2\/pages\/122"}],"collection":[{"href":"https:\/\/hacdaubai.com\/index.php\/wp-json\/wp\/v2\/pages"}],"about":[{"href":"https:\/\/hacdaubai.com\/index.php\/wp-json\/wp\/v2\/types\/page"}],"author":[{"embeddable":true,"href":"https:\/\/hacdaubai.com\/index.php\/wp-json\/wp\/v2\/users\/1"}],"replies":[{"embeddable":true,"href":"https:\/\/hacdaubai.com\/index.php\/wp-json\/wp\/v2\/comments?post=122"}],"version-history":[{"count":1,"href":"https:\/\/hacdaubai.com\/index.php\/wp-json\/wp\/v2\/pages\/122\/revisions"}],"predecessor-version":[{"id":124,"href":"https:\/\/hacdaubai.com\/index.php\/wp-json\/wp\/v2\/pages\/122\/revisions\/124"}],"up":[{"embeddable":true,"href":"https:\/\/hacdaubai.com\/index.php\/wp-json\/wp\/v2\/pages\/95"}],"wp:featuredmedia":[{"embeddable":true,"href":"https:\/\/hacdaubai.com\/index.php\/wp-json\/wp\/v2\/media\/90"}],"wp:attachment":[{"href":"https:\/\/hacdaubai.com\/index.php\/wp-json\/wp\/v2\/media?parent=122"}],"curies":[{"name":"wp","href":"https:\/\/api.w.org\/{rel}","templated":true}]}}